{"id":10,"date":"2025-05-18T11:56:35","date_gmt":"2025-05-18T11:56:35","guid":{"rendered":"https:\/\/abexseal.com\/?page_id=10"},"modified":"2025-11-14T03:30:59","modified_gmt":"2025-11-14T03:30:59","slug":"about","status":"publish","type":"page","link":"https:\/\/abexseal.com\/pt\/about\/","title":{"rendered":"Sobre"},"content":{"rendered":"<div data-elementor-type=\"wp-post\" data-elementor-id=\"10\" class=\"elementor elementor-10\" data-elementor-post-type=\"page\">\n\t\t\t\t<div class=\"elementor-element elementor-element-740c8c4 e-flex e-con-boxed e-con e-parent\" data-id=\"740c8c4\" data-element_type=\"container\" data-settings=\"{&quot;background_background&quot;:&quot;classic&quot;}\">\n\t\t\t\t\t<div class=\"e-con-inner\">\n\t\t\t\t<div class=\"elementor-element elementor-element-8909dca elementor-widget elementor-widget-heading\" data-id=\"8909dca\" data-element_type=\"widget\" data-widget_type=\"heading.default\">\n\t\t\t\t<div class=\"elementor-widget-container\">\n\t\t\t\t\t<h1 class=\"elementor-heading-title elementor-size-default\">SOBRE A ABEX<sup><font size=\"4\"><!-- \u00ae --><\/font><\/sup> <\/h1>\t\t\t\t<\/div>\n\t\t\t\t<\/div>\n\t\t\t\t<div class=\"elementor-element elementor-element-7ecbee2 elementor-widget elementor-widget-heading\" data-id=\"7ecbee2\" data-element_type=\"widget\" data-widget_type=\"heading.default\">\n\t\t\t\t<div class=\"elementor-widget-container\">\n\t\t\t\t\t<p class=\"elementor-heading-title elementor-size-default\">Especialista na conce\u00e7\u00e3o e fabrico de vedantes mec\u00e2nicos e sistemas de apoio.<\/p>\t\t\t\t<\/div>\n\t\t\t\t<\/div>\n\t\t\t\t\t<\/div>\n\t\t\t\t<\/div>\n\t\t<div class=\"elementor-element elementor-element-d116797 e-flex e-con-boxed e-con e-parent\" data-id=\"d116797\" data-element_type=\"container\">\n\t\t\t\t\t<div class=\"e-con-inner\">\n\t\t<div class=\"elementor-element elementor-element-119f9a1 e-con-full e-flex e-con e-child\" data-id=\"119f9a1\" data-element_type=\"container\">\n\t\t\t\t<div class=\"elementor-element elementor-element-0d6f959 elementor-widget elementor-widget-heading\" data-id=\"0d6f959\" data-element_type=\"widget\" data-widget_type=\"heading.default\">\n\t\t\t\t<div class=\"elementor-widget-container\">\n\t\t\t\t\t<h2 class=\"elementor-heading-title elementor-size-default\">Quem somos<\/h2>\t\t\t\t<\/div>\n\t\t\t\t<\/div>\n\t\t\t\t<div class=\"elementor-element elementor-element-8bdbc32 elementor-widget-divider--view-line elementor-widget elementor-widget-divider\" data-id=\"8bdbc32\" data-element_type=\"widget\" data-widget_type=\"divider.default\">\n\t\t\t\t<div class=\"elementor-widget-container\">\n\t\t\t\t\t\t\t<div class=\"elementor-divider\">\n\t\t\t<span class=\"elementor-divider-separator\">\n\t\t\t\t\t\t<\/span>\n\t\t<\/div>\n\t\t\t\t\t\t<\/div>\n\t\t\t\t<\/div>\n\t\t\t\t<div class=\"elementor-element elementor-element-cd250a9 elementor-widget elementor-widget-text-editor\" data-id=\"cd250a9\" data-element_type=\"widget\" data-widget_type=\"text-editor.default\">\n\t\t\t\t<div class=\"elementor-widget-container\">\n\t\t\t\t\t\t\t\t\t<p>A NingBo ABEX Seal Technology Co., Ltd, anteriormente conhecida como GaoHong Seal Factory, est\u00e1 localizada na cidade de NingBo, na prov\u00edncia de ZheJiang. Somos um fabricante de selos de alta qualidade que integra design, produ\u00e7\u00e3o e processamento, vendas e servi\u00e7os. Especializado em servir o mercado de alta qualidade, como meio de lama mista, alta temperatura, alta press\u00e3o, alta velocidade, alta viscosidade, requisitos de gradua\u00e7\u00e3o sanit\u00e1ria e alimentar, funcionamento a seco, forte corros\u00e3o, etc. condi\u00e7\u00f5es de trabalho.<br \/>Nossa empresa \u00e9 especializada na produ\u00e7\u00e3o de selos de cartucho, selos de fole de metal, selos divididos, selos m\u00e1ximos e agitadores, selos de anel flutuante de carbono, selos de g\u00e1s seco e sistemas de fornecimento de selos.<br \/>Exportar para o M\u00e9dio Oriente, Europa, Am\u00e9rica, R\u00fassia, pa\u00edses do sudeste asi\u00e1tico.<\/p>\t\t\t\t\t\t\t\t<\/div>\n\t\t\t\t<\/div>\n\t\t\t\t<div class=\"elementor-element elementor-element-08aaed3 elementor-mobile-align-center elementor-widget elementor-widget-button\" data-id=\"08aaed3\" data-element_type=\"widget\" data-widget_type=\"button.default\">\n\t\t\t\t<div class=\"elementor-widget-container\">\n\t\t\t\t\t\t\t\t\t<div class=\"elementor-button-wrapper\">\n\t\t\t\t\t<a class=\"elementor-button elementor-button-link elementor-size-sm\" href=\"https:\/\/abexseal.com\/contact\/\">\n\t\t\t\t\t\t<span class=\"elementor-button-content-wrapper\">\n\t\t\t\t\t\t\t\t\t<span class=\"elementor-button-text\">Contactar-nos<\/span>\n\t\t\t\t\t<\/span>\n\t\t\t\t\t<\/a>\n\t\t\t\t<\/div>\n\t\t\t\t\t\t\t\t<\/div>\n\t\t\t\t<\/div>\n\t\t\t\t<\/div>\n\t\t<div class=\"elementor-element elementor-element-635f899 e-con-full e-flex e-con e-child\" data-id=\"635f899\" data-element_type=\"container\">\n\t\t\t\t<div class=\"elementor-element elementor-element-b71c1d0 elementor-widget elementor-widget-image\" data-id=\"b71c1d0\" data-element_type=\"widget\" data-widget_type=\"image.default\">\n\t\t\t\t<div class=\"elementor-widget-container\">\n\t\t\t\t\t\t\t\t\t\t\t\t\t\t\t<img fetchpriority=\"high\" decoding=\"async\" width=\"700\" height=\"467\" src=\"https:\/\/abexseal.com\/wp-content\/uploads\/2025\/05\/industry-manufacturing.webp\" class=\"attachment-large size-large wp-image-743\" alt=\"\" srcset=\"https:\/\/abexseal.com\/wp-content\/uploads\/2025\/05\/industry-manufacturing.webp 700w, https:\/\/abexseal.com\/wp-content\/uploads\/2025\/05\/industry-manufacturing-300x200.webp 300w\" sizes=\"(max-width: 700px) 100vw, 700px\" \/>\t\t\t\t\t\t\t\t\t\t\t\t\t\t\t<\/div>\n\t\t\t\t<\/div>\n\t\t\t\t<\/div>\n\t\t\t\t\t<\/div>\n\t\t\t\t<\/div>\n\t\t<div class=\"elementor-element elementor-element-60f4213 e-flex e-con-boxed e-con e-parent\" data-id=\"60f4213\" data-element_type=\"container\" data-settings=\"{&quot;background_background&quot;:&quot;classic&quot;}\">\n\t\t\t\t\t<div class=\"e-con-inner\">\n\t\t\t\t<div class=\"elementor-element elementor-element-3489c9a elementor-widget elementor-widget-heading\" data-id=\"3489c9a\" data-element_type=\"widget\" data-widget_type=\"heading.default\">\n\t\t\t\t<div class=\"elementor-widget-container\">\n\t\t\t\t\t<h2 class=\"elementor-heading-title elementor-size-default\">A vantagem do selo Abex<\/h2>\t\t\t\t<\/div>\n\t\t\t\t<\/div>\n\t\t\t\t<div class=\"elementor-element elementor-element-e4c767a elementor-widget elementor-widget-text-editor\" data-id=\"e4c767a\" data-element_type=\"widget\" data-widget_type=\"text-editor.default\">\n\t\t\t\t<div class=\"elementor-widget-container\">\n\t\t\t\t\t\t\t\t\t<p>Especialista na conce\u00e7\u00e3o e fabrico de vedantes mec\u00e2nicos e sistemas de apoio.<\/p>\t\t\t\t\t\t\t\t<\/div>\n\t\t\t\t<\/div>\n\t\t\t\t<div class=\"elementor-element elementor-element-05368f6 elementor-widget elementor-widget-video\" data-id=\"05368f6\" data-element_type=\"widget\" data-settings=\"{&quot;youtube_url&quot;:&quot;https:\\\/\\\/www.youtube.com\\\/watch?v=48JxsCTPIpM&quot;,&quot;video_type&quot;:&quot;youtube&quot;,&quot;controls&quot;:&quot;yes&quot;}\" data-widget_type=\"video.default\">\n\t\t\t\t<div class=\"elementor-widget-container\">\n\t\t\t\t\t\t\t<div class=\"elementor-wrapper elementor-open-inline\">\n\t\t\t<div class=\"elementor-video\"><\/div>\t\t<\/div>\n\t\t\t\t\t\t<\/div>\n\t\t\t\t<\/div>\n\t\t\t\t\t<\/div>\n\t\t\t\t<\/div>\n\t\t<div class=\"elementor-element elementor-element-c59d3bb e-flex e-con-boxed e-con e-parent\" data-id=\"c59d3bb\" data-element_type=\"container\">\n\t\t\t\t\t<div class=\"e-con-inner\">\n\t\t\t\t<div class=\"elementor-element elementor-element-395adc8 elementor-widget elementor-widget-heading\" data-id=\"395adc8\" data-element_type=\"widget\" data-widget_type=\"heading.default\">\n\t\t\t\t<div class=\"elementor-widget-container\">\n\t\t\t\t\t<h2 class=\"elementor-heading-title elementor-size-default\">Os nossos servi\u00e7os<\/h2>\t\t\t\t<\/div>\n\t\t\t\t<\/div>\n\t\t<div class=\"elementor-element elementor-element-39a6dbd e-grid e-con-full e-con e-child\" data-id=\"39a6dbd\" data-element_type=\"container\">\n\t\t\t\t<div class=\"elementor-element elementor-element-a178e57 elementor-position-top elementor-widget elementor-widget-image-box\" data-id=\"a178e57\" data-element_type=\"widget\" data-widget_type=\"image-box.default\">\n\t\t\t\t<div class=\"elementor-widget-container\">\n\t\t\t\t\t<div class=\"elementor-image-box-wrapper\"><figure class=\"elementor-image-box-img\"><img decoding=\"async\" width=\"650\" height=\"430\" src=\"https:\/\/abexseal.com\/wp-content\/uploads\/2025\/06\/Custom-Design-Engineering.jpg\" class=\"attachment-full size-full wp-image-1408\" alt=\"\" srcset=\"https:\/\/abexseal.com\/wp-content\/uploads\/2025\/06\/Custom-Design-Engineering.jpg 650w, https:\/\/abexseal.com\/wp-content\/uploads\/2025\/06\/Custom-Design-Engineering-300x198.jpg 300w\" sizes=\"(max-width: 650px) 100vw, 650px\" \/><\/figure><div class=\"elementor-image-box-content\"><h3 class=\"elementor-image-box-title\">Conce\u00e7\u00e3o e engenharia personalizadas<\/h3><\/div><\/div>\t\t\t\t<\/div>\n\t\t\t\t<\/div>\n\t\t\t\t<div class=\"elementor-element elementor-element-5aee83d elementor-position-top elementor-widget elementor-widget-image-box\" data-id=\"5aee83d\" data-element_type=\"widget\" data-widget_type=\"image-box.default\">\n\t\t\t\t<div class=\"elementor-widget-container\">\n\t\t\t\t\t<div class=\"elementor-image-box-wrapper\"><figure class=\"elementor-image-box-img\"><img decoding=\"async\" width=\"700\" height=\"467\" src=\"https:\/\/abexseal.com\/wp-content\/uploads\/2025\/05\/industry-manufacturing.webp\" class=\"attachment-full size-full wp-image-743\" alt=\"\" srcset=\"https:\/\/abexseal.com\/wp-content\/uploads\/2025\/05\/industry-manufacturing.webp 700w, https:\/\/abexseal.com\/wp-content\/uploads\/2025\/05\/industry-manufacturing-300x200.webp 300w\" sizes=\"(max-width: 700px) 100vw, 700px\" \/><\/figure><div class=\"elementor-image-box-content\"><h3 class=\"elementor-image-box-title\">Fabrico<\/h3><\/div><\/div>\t\t\t\t<\/div>\n\t\t\t\t<\/div>\n\t\t\t\t<div class=\"elementor-element elementor-element-1ddc662 elementor-position-top elementor-widget elementor-widget-image-box\" data-id=\"1ddc662\" data-element_type=\"widget\" data-widget_type=\"image-box.default\">\n\t\t\t\t<div class=\"elementor-widget-container\">\n\t\t\t\t\t<div class=\"elementor-image-box-wrapper\"><figure class=\"elementor-image-box-img\"><img loading=\"lazy\" decoding=\"async\" width=\"650\" height=\"430\" src=\"https:\/\/abexseal.com\/wp-content\/uploads\/2025\/07\/Mechanical-Seal-Repair.jpg\" class=\"attachment-full size-full wp-image-2857\" alt=\"\" srcset=\"https:\/\/abexseal.com\/wp-content\/uploads\/2025\/07\/Mechanical-Seal-Repair.jpg 650w, https:\/\/abexseal.com\/wp-content\/uploads\/2025\/07\/Mechanical-Seal-Repair-300x198.jpg 300w\" sizes=\"(max-width: 650px) 100vw, 650px\" \/><\/figure><div class=\"elementor-image-box-content\"><h3 class=\"elementor-image-box-title\">Repara\u00e7\u00e3o de selos mec\u00e2nicos<\/h3><\/div><\/div>\t\t\t\t<\/div>\n\t\t\t\t<\/div>\n\t\t\t\t<\/div>\n\t\t\t\t\t<\/div>\n\t\t\t\t<\/div>\n\t\t\t\t<\/div>","protected":false},"excerpt":{"rendered":"<p>SOBRE A ABEX Especialista na conce\u00e7\u00e3o e fabrico de selos mec\u00e2nicos e sistemas de apoio. Quem somos A NingBo ABEX Seal Technology Co., Ltd, anteriormente conhecida como GaoHong Seal Factory, est\u00e1 localizada na cidade de NingBo, prov\u00edncia de ZheJiang. Somos um fabricante de selos de alta qualidade que integra design, produ\u00e7\u00e3o e processamento, vendas e servi\u00e7os.<\/p>","protected":false},"author":1,"featured_media":0,"parent":0,"menu_order":0,"comment_status":"closed","ping_status":"closed","template":"","meta":{"_acf_changed":false,"footnotes":""},"class_list":["post-10","page","type-page","status-publish","hentry"],"acf":[],"_links":{"self":[{"href":"https:\/\/abexseal.com\/pt\/wp-json\/wp\/v2\/pages\/10","targetHints":{"allow":["GET"]}}],"collection":[{"href":"https:\/\/abexseal.com\/pt\/wp-json\/wp\/v2\/pages"}],"about":[{"href":"https:\/\/abexseal.com\/pt\/wp-json\/wp\/v2\/types\/page"}],"author":[{"embeddable":true,"href":"https:\/\/abexseal.com\/pt\/wp-json\/wp\/v2\/users\/1"}],"replies":[{"embeddable":true,"href":"https:\/\/abexseal.com\/pt\/wp-json\/wp\/v2\/comments?post=10"}],"version-history":[{"count":119,"href":"https:\/\/abexseal.com\/pt\/wp-json\/wp\/v2\/pages\/10\/revisions"}],"predecessor-version":[{"id":4473,"href":"https:\/\/abexseal.com\/pt\/wp-json\/wp\/v2\/pages\/10\/revisions\/4473"}],"wp:attachment":[{"href":"https:\/\/abexseal.com\/pt\/wp-json\/wp\/v2\/media?parent=10"}],"curies":[{"name":"wp","href":"https:\/\/api.w.org\/{rel}","templated":true}]}}