{"id":4043,"date":"2025-11-02T11:19:57","date_gmt":"2025-11-02T11:19:57","guid":{"rendered":"https:\/\/abexseal.com\/?page_id=4043"},"modified":"2025-11-02T11:31:03","modified_gmt":"2025-11-02T11:31:03","slug":"quality-control","status":"publish","type":"page","link":"https:\/\/abexseal.com\/fr\/quality-control\/","title":{"rendered":"Contr\u00f4le de la qualit\u00e9"},"content":{"rendered":"<div data-elementor-type=\"wp-page\" data-elementor-id=\"4043\" class=\"elementor elementor-4043\" data-elementor-post-type=\"page\">\n\t\t\t\t<div class=\"elementor-element elementor-element-aa4b4c4 e-flex e-con-boxed e-con e-parent\" data-id=\"aa4b4c4\" data-element_type=\"container\" data-settings=\"{&quot;background_background&quot;:&quot;classic&quot;}\">\n\t\t\t\t\t<div class=\"e-con-inner\">\n\t\t\t\t<div class=\"elementor-element elementor-element-4263077 elementor-widget elementor-widget-heading\" data-id=\"4263077\" data-element_type=\"widget\" data-widget_type=\"heading.default\">\n\t\t\t\t<div class=\"elementor-widget-container\">\n\t\t\t\t\t<h1 class=\"elementor-heading-title elementor-size-default\">Contr\u00f4le de la qualit\u00e9<\/h1>\t\t\t\t<\/div>\n\t\t\t\t<\/div>\n\t\t\t\t<div class=\"elementor-element elementor-element-64e9271 elementor-widget elementor-widget-text-editor\" data-id=\"64e9271\" data-element_type=\"widget\" data-widget_type=\"text-editor.default\">\n\t\t\t\t<div class=\"elementor-widget-container\">\n\t\t\t\t\t\t\t\t\t<p>Lorsque nous recevons votre commande de joints d'\u00e9tanch\u00e9it\u00e9, nous devons suivre un processus raisonnable et qualifi\u00e9 pour l'utiliser.<\/p>\t\t\t\t\t\t\t\t<\/div>\n\t\t\t\t<\/div>\n\t\t\t\t\t<\/div>\n\t\t\t\t<\/div>\n\t\t<div class=\"elementor-element elementor-element-f1021ee e-flex e-con-boxed e-con e-parent\" data-id=\"f1021ee\" data-element_type=\"container\">\n\t\t\t\t\t<div class=\"e-con-inner\">\n\t\t<div class=\"elementor-element elementor-element-61c3cdd e-con-full e-flex e-con e-child\" data-id=\"61c3cdd\" data-element_type=\"container\">\n\t\t\t\t<div class=\"elementor-element elementor-element-f3a53ac elementor-widget elementor-widget-image\" data-id=\"f3a53ac\" data-element_type=\"widget\" data-widget_type=\"image.default\">\n\t\t\t\t<div class=\"elementor-widget-container\">\n\t\t\t\t\t\t\t\t\t\t\t\t\t\t\t<img fetchpriority=\"high\" decoding=\"async\" width=\"800\" height=\"480\" src=\"https:\/\/abexseal.com\/wp-content\/uploads\/2025\/11\/20251031152759_135_1257.jpg\" class=\"attachment-large size-large wp-image-4053\" alt=\"\" srcset=\"https:\/\/abexseal.com\/wp-content\/uploads\/2025\/11\/20251031152759_135_1257.jpg 800w, https:\/\/abexseal.com\/wp-content\/uploads\/2025\/11\/20251031152759_135_1257-300x180.jpg 300w, https:\/\/abexseal.com\/wp-content\/uploads\/2025\/11\/20251031152759_135_1257-768x461.jpg 768w\" sizes=\"(max-width: 800px) 100vw, 800px\" \/>\t\t\t\t\t\t\t\t\t\t\t\t\t\t\t<\/div>\n\t\t\t\t<\/div>\n\t\t\t\t<\/div>\n\t\t<div class=\"elementor-element elementor-element-4e28adb e-con-full e-flex e-con e-child\" data-id=\"4e28adb\" data-element_type=\"container\">\n\t\t\t\t<div class=\"elementor-element elementor-element-c14ec4f elementor-widget elementor-widget-heading\" data-id=\"c14ec4f\" data-element_type=\"widget\" data-widget_type=\"heading.default\">\n\t\t\t\t<div class=\"elementor-widget-container\">\n\t\t\t\t\t<h2 class=\"elementor-heading-title elementor-size-default\">Politique de qualit\u00e9<\/h2>\t\t\t\t<\/div>\n\t\t\t\t<\/div>\n\t\t\t\t<div class=\"elementor-element elementor-element-913b983 elementor-widget-divider--view-line elementor-widget elementor-widget-divider\" data-id=\"913b983\" data-element_type=\"widget\" data-widget_type=\"divider.default\">\n\t\t\t\t<div class=\"elementor-widget-container\">\n\t\t\t\t\t\t\t<div class=\"elementor-divider\">\n\t\t\t<span class=\"elementor-divider-separator\">\n\t\t\t\t\t\t<\/span>\n\t\t<\/div>\n\t\t\t\t\t\t<\/div>\n\t\t\t\t<\/div>\n\t\t\t\t<div class=\"elementor-element elementor-element-11498a8 elementor-widget elementor-widget-text-editor\" data-id=\"11498a8\" data-element_type=\"widget\" data-widget_type=\"text-editor.default\">\n\t\t\t\t<div class=\"elementor-widget-container\">\n\t\t\t\t\t\t\t\t\t<p>En tant que fabricant chinois de garnitures m\u00e9caniques certifi\u00e9 API Q1 10th et Lloyd's ISO9001:2015, nous mettons en \u0153uvre des contr\u00f4les de qualit\u00e9 rigoureux :<\/p><ul><li>Gestion des processus bas\u00e9e sur le risque_ align\u00e9e sur les exigences de l'API Spec Q1 10e \u00e9dition.<\/li><li>Syst\u00e8mes de tra\u00e7abilit\u00e9 de bout en bout_ couvrant la v\u00e9rification de la conception jusqu'\u00e0 l'inspection finale.<\/li><li>M\u00e9canismes d'am\u00e9lioration continue_ avec des cycles d'actions correctives et pr\u00e9ventives.<\/li><li>Proc\u00e9dures valid\u00e9es par des tiers pour la tra\u00e7abilit\u00e9 des mat\u00e9riaux et le contr\u00f4le de la non-conformit\u00e9.<\/li><\/ul><p><br \/>Notre syst\u00e8me de qualit\u00e9 \u00e0 double certification garantit que chaque produit d\u00e9passe les normes API\/ISO tout en r\u00e9pondant \u00e0 vos besoins sp\u00e9cifiques en mati\u00e8re de s\u00e9curit\u00e9 op\u00e9rationnelle et de fiabilit\u00e9.<\/p>\t\t\t\t\t\t\t\t<\/div>\n\t\t\t\t<\/div>\n\t\t\t\t<\/div>\n\t\t\t\t\t<\/div>\n\t\t\t\t<\/div>\n\t\t<div class=\"elementor-element elementor-element-5e2a314 e-flex e-con-boxed e-con e-parent\" data-id=\"5e2a314\" data-element_type=\"container\">\n\t\t\t\t\t<div class=\"e-con-inner\">\n\t\t<div class=\"elementor-element elementor-element-91d3d6b e-con-full e-flex e-con e-child\" data-id=\"91d3d6b\" data-element_type=\"container\">\n\t\t\t\t<div class=\"elementor-element elementor-element-2fed4dc elementor-widget elementor-widget-heading\" data-id=\"2fed4dc\" data-element_type=\"widget\" data-widget_type=\"heading.default\">\n\t\t\t\t<div class=\"elementor-widget-container\">\n\t\t\t\t\t<h2 class=\"elementor-heading-title elementor-size-default\">\u00c9quipement d'essai professionnel<\/h2>\t\t\t\t<\/div>\n\t\t\t\t<\/div>\n\t\t\t\t<div class=\"elementor-element elementor-element-041f3d7 elementor-widget-divider--view-line elementor-widget elementor-widget-divider\" data-id=\"041f3d7\" data-element_type=\"widget\" data-widget_type=\"divider.default\">\n\t\t\t\t<div class=\"elementor-widget-container\">\n\t\t\t\t\t\t\t<div class=\"elementor-divider\">\n\t\t\t<span class=\"elementor-divider-separator\">\n\t\t\t\t\t\t<\/span>\n\t\t<\/div>\n\t\t\t\t\t\t<\/div>\n\t\t\t\t<\/div>\n\t\t\t\t<div class=\"elementor-element elementor-element-ac75e50 elementor-widget elementor-widget-text-editor\" data-id=\"ac75e50\" data-element_type=\"widget\" data-widget_type=\"text-editor.default\">\n\t\t\t\t<div class=\"elementor-widget-container\">\n\t\t\t\t\t\t\t\t\t<p>Tous les \u00e9quipements d'essai disposent d'un plan d'\u00e9talonnage normalis\u00e9 et suivent strictement le processus d'\u00e9talonnage.<\/p>\t\t\t\t\t\t\t\t<\/div>\n\t\t\t\t<\/div>\n\t\t<div class=\"elementor-element elementor-element-899517d e-grid e-con-full e-con e-child\" data-id=\"899517d\" data-element_type=\"container\">\n\t\t\t\t<div class=\"elementor-element elementor-element-1d0645f elementor-widget elementor-widget-image\" data-id=\"1d0645f\" data-element_type=\"widget\" data-widget_type=\"image.default\">\n\t\t\t\t<div class=\"elementor-widget-container\">\n\t\t\t\t\t\t\t\t\t\t\t\t\t\t\t<img decoding=\"async\" width=\"580\" height=\"420\" src=\"https:\/\/abexseal.com\/wp-content\/uploads\/2025\/11\/eq-_20251031152757_133_1257.jpg\" class=\"attachment-large size-large wp-image-4055\" alt=\"\" srcset=\"https:\/\/abexseal.com\/wp-content\/uploads\/2025\/11\/eq-_20251031152757_133_1257.jpg 580w, https:\/\/abexseal.com\/wp-content\/uploads\/2025\/11\/eq-_20251031152757_133_1257-300x217.jpg 300w\" sizes=\"(max-width: 580px) 100vw, 580px\" \/>\t\t\t\t\t\t\t\t\t\t\t\t\t\t\t<\/div>\n\t\t\t\t<\/div>\n\t\t\t\t<div class=\"elementor-element elementor-element-3c5a5cc elementor-widget elementor-widget-image\" data-id=\"3c5a5cc\" data-element_type=\"widget\" data-widget_type=\"image.default\">\n\t\t\t\t<div class=\"elementor-widget-container\">\n\t\t\t\t\t\t\t\t\t\t\t\t\t\t\t<img decoding=\"async\" width=\"580\" height=\"420\" src=\"https:\/\/abexseal.com\/wp-content\/uploads\/2025\/11\/eq_20251031152756_131_1257.jpg\" class=\"attachment-large size-large wp-image-4056\" alt=\"\" srcset=\"https:\/\/abexseal.com\/wp-content\/uploads\/2025\/11\/eq_20251031152756_131_1257.jpg 580w, https:\/\/abexseal.com\/wp-content\/uploads\/2025\/11\/eq_20251031152756_131_1257-300x217.jpg 300w\" sizes=\"(max-width: 580px) 100vw, 580px\" \/>\t\t\t\t\t\t\t\t\t\t\t\t\t\t\t<\/div>\n\t\t\t\t<\/div>\n\t\t\t\t<div class=\"elementor-element elementor-element-7056188 elementor-widget elementor-widget-image\" data-id=\"7056188\" data-element_type=\"widget\" data-widget_type=\"image.default\">\n\t\t\t\t<div class=\"elementor-widget-container\">\n\t\t\t\t\t\t\t\t\t\t\t\t\t\t\t<img loading=\"lazy\" decoding=\"async\" width=\"580\" height=\"420\" src=\"https:\/\/abexseal.com\/wp-content\/uploads\/2025\/11\/eq_20251031152757_132_1257.jpg\" class=\"attachment-large size-large wp-image-4057\" alt=\"\" srcset=\"https:\/\/abexseal.com\/wp-content\/uploads\/2025\/11\/eq_20251031152757_132_1257.jpg 580w, https:\/\/abexseal.com\/wp-content\/uploads\/2025\/11\/eq_20251031152757_132_1257-300x217.jpg 300w\" sizes=\"(max-width: 580px) 100vw, 580px\" \/>\t\t\t\t\t\t\t\t\t\t\t\t\t\t\t<\/div>\n\t\t\t\t<\/div>\n\t\t\t\t<div class=\"elementor-element elementor-element-82cd29c elementor-widget elementor-widget-image\" data-id=\"82cd29c\" data-element_type=\"widget\" data-widget_type=\"image.default\">\n\t\t\t\t<div class=\"elementor-widget-container\">\n\t\t\t\t\t\t\t\t\t\t\t\t\t\t\t<img loading=\"lazy\" decoding=\"async\" width=\"580\" height=\"420\" src=\"https:\/\/abexseal.com\/wp-content\/uploads\/2025\/11\/eq_20251031152758_134_1257.jpg\" class=\"attachment-large size-large wp-image-4058\" alt=\"\" srcset=\"https:\/\/abexseal.com\/wp-content\/uploads\/2025\/11\/eq_20251031152758_134_1257.jpg 580w, https:\/\/abexseal.com\/wp-content\/uploads\/2025\/11\/eq_20251031152758_134_1257-300x217.jpg 300w\" sizes=\"(max-width: 580px) 100vw, 580px\" \/>\t\t\t\t\t\t\t\t\t\t\t\t\t\t\t<\/div>\n\t\t\t\t<\/div>\n\t\t\t\t<\/div>\n\t\t\t\t<\/div>\n\t\t<div class=\"elementor-element elementor-element-53d6729 e-con-full e-flex e-con e-child\" data-id=\"53d6729\" data-element_type=\"container\">\n\t\t\t\t<div class=\"elementor-element elementor-element-462a9d9 elementor-widget elementor-widget-image\" data-id=\"462a9d9\" data-element_type=\"widget\" data-widget_type=\"image.default\">\n\t\t\t\t<div class=\"elementor-widget-container\">\n\t\t\t\t\t\t\t\t\t\t\t\t\t\t\t<img loading=\"lazy\" decoding=\"async\" width=\"800\" height=\"480\" src=\"https:\/\/abexseal.com\/wp-content\/uploads\/2025\/11\/20251031152800_136_1257.jpg\" class=\"attachment-large size-large wp-image-4054\" alt=\"\" srcset=\"https:\/\/abexseal.com\/wp-content\/uploads\/2025\/11\/20251031152800_136_1257.jpg 800w, https:\/\/abexseal.com\/wp-content\/uploads\/2025\/11\/20251031152800_136_1257-300x180.jpg 300w, https:\/\/abexseal.com\/wp-content\/uploads\/2025\/11\/20251031152800_136_1257-768x461.jpg 768w\" sizes=\"(max-width: 800px) 100vw, 800px\" \/>\t\t\t\t\t\t\t\t\t\t\t\t\t\t\t<\/div>\n\t\t\t\t<\/div>\n\t\t\t\t<\/div>\n\t\t\t\t\t<\/div>\n\t\t\t\t<\/div>\n\t\t\t\t<\/div>","protected":false},"excerpt":{"rendered":"<p>Contr\u00f4le de la qualit\u00e9 Lorsque nous recevons une commande de joints de votre part, nous devons suivre un processus raisonnable et qualifi\u00e9 pour l'exploiter. Politique de qualit\u00e9 En tant que fabricant chinois de garnitures m\u00e9caniques certifi\u00e9 API Q1 10th et Lloyd's ISO9001:2015, nous mettons en \u0153uvre des contr\u00f4les de qualit\u00e9 rigoureux par le biais de : Une gestion des processus bas\u00e9e sur le risque_ align\u00e9e sur API Spec Q1 [...]<\/p>","protected":false},"author":1,"featured_media":0,"parent":0,"menu_order":0,"comment_status":"closed","ping_status":"closed","template":"","meta":{"_acf_changed":false,"footnotes":""},"class_list":["post-4043","page","type-page","status-publish","hentry"],"acf":[],"_links":{"self":[{"href":"https:\/\/abexseal.com\/fr\/wp-json\/wp\/v2\/pages\/4043","targetHints":{"allow":["GET"]}}],"collection":[{"href":"https:\/\/abexseal.com\/fr\/wp-json\/wp\/v2\/pages"}],"about":[{"href":"https:\/\/abexseal.com\/fr\/wp-json\/wp\/v2\/types\/page"}],"author":[{"embeddable":true,"href":"https:\/\/abexseal.com\/fr\/wp-json\/wp\/v2\/users\/1"}],"replies":[{"embeddable":true,"href":"https:\/\/abexseal.com\/fr\/wp-json\/wp\/v2\/comments?post=4043"}],"version-history":[{"count":10,"href":"https:\/\/abexseal.com\/fr\/wp-json\/wp\/v2\/pages\/4043\/revisions"}],"predecessor-version":[{"id":4064,"href":"https:\/\/abexseal.com\/fr\/wp-json\/wp\/v2\/pages\/4043\/revisions\/4064"}],"wp:attachment":[{"href":"https:\/\/abexseal.com\/fr\/wp-json\/wp\/v2\/media?parent=4043"}],"curies":[{"name":"wp","href":"https:\/\/api.w.org\/{rel}","templated":true}]}}