{"id":721,"date":"2025-05-28T12:14:43","date_gmt":"2025-05-28T12:14:43","guid":{"rendered":"https:\/\/abexseal.com\/?page_id=721"},"modified":"2025-06-30T02:32:44","modified_gmt":"2025-06-30T02:32:44","slug":"solutions","status":"publish","type":"page","link":"https:\/\/abexseal.com\/es\/solutions\/","title":{"rendered":"Soluciones"},"content":{"rendered":"<div data-elementor-type=\"wp-page\" data-elementor-id=\"721\" class=\"elementor elementor-721\" data-elementor-post-type=\"page\">\n\t\t\t\t<div class=\"elementor-element elementor-element-ac4588b e-flex e-con-boxed e-con e-parent\" data-id=\"ac4588b\" data-element_type=\"container\" data-settings=\"{&quot;background_background&quot;:&quot;classic&quot;}\">\n\t\t\t\t\t<div class=\"e-con-inner\">\n\t\t\t\t<div class=\"elementor-element elementor-element-f67425c elementor-widget elementor-widget-heading\" data-id=\"f67425c\" data-element_type=\"widget\" data-widget_type=\"heading.default\">\n\t\t\t\t<div class=\"elementor-widget-container\">\n\t\t\t\t\t<h1 class=\"elementor-heading-title elementor-size-default\">Soluciones de sellado<\/h1>\t\t\t\t<\/div>\n\t\t\t\t<\/div>\n\t\t\t\t<div class=\"elementor-element elementor-element-e675733 elementor-widget elementor-widget-text-editor\" data-id=\"e675733\" data-element_type=\"widget\" data-widget_type=\"text-editor.default\">\n\t\t\t\t<div class=\"elementor-widget-container\">\n\t\t\t\t\t\t\t\t\t<p>Al aportar soluciones de sellado con valor a\u00f1adido que mejoran la calidad y la eficacia de la cadena de suministro, Abex Seal simplifica su proceso de compra y reduce el riesgo. Al utilizar varios proveedores probados y homologados para cada componente, salvaguardamos a\u00fan m\u00e1s una calidad y disponibilidad fiables, cu\u00e1ndo y d\u00f3nde las necesite.<\/p>\t\t\t\t\t\t\t\t<\/div>\n\t\t\t\t<\/div>\n\t\t\t\t\t<\/div>\n\t\t\t\t<\/div>\n\t\t<div class=\"elementor-element elementor-element-2e12220 e-flex e-con-boxed e-con e-parent\" data-id=\"2e12220\" data-element_type=\"container\">\n\t\t\t\t\t<div class=\"e-con-inner\">\n\t\t<div class=\"elementor-element elementor-element-d890a32 e-con-full e-flex e-con e-child\" data-id=\"d890a32\" data-element_type=\"container\">\n\t\t\t\t<div class=\"elementor-element elementor-element-483806c elementor-widget elementor-widget-image\" data-id=\"483806c\" data-element_type=\"widget\" data-widget_type=\"image.default\">\n\t\t\t\t<div class=\"elementor-widget-container\">\n\t\t\t\t\t\t\t\t\t\t\t\t\t\t\t<img fetchpriority=\"high\" decoding=\"async\" width=\"700\" height=\"467\" src=\"https:\/\/abexseal.com\/wp-content\/uploads\/2025\/05\/industry-manufacturing.webp\" class=\"attachment-large size-large wp-image-743\" alt=\"\" srcset=\"https:\/\/abexseal.com\/wp-content\/uploads\/2025\/05\/industry-manufacturing.webp 700w, https:\/\/abexseal.com\/wp-content\/uploads\/2025\/05\/industry-manufacturing-300x200.webp 300w\" sizes=\"(max-width: 700px) 100vw, 700px\" \/>\t\t\t\t\t\t\t\t\t\t\t\t\t\t\t<\/div>\n\t\t\t\t<\/div>\n\t\t\t\t<\/div>\n\t\t<div class=\"elementor-element elementor-element-ae1c02b e-con-full e-flex e-con e-child\" data-id=\"ae1c02b\" data-element_type=\"container\">\n\t\t\t\t<div class=\"elementor-element elementor-element-40d70e2 elementor-widget elementor-widget-heading\" data-id=\"40d70e2\" data-element_type=\"widget\" data-widget_type=\"heading.default\">\n\t\t\t\t<div class=\"elementor-widget-container\">\n\t\t\t\t\t<h2 class=\"elementor-heading-title elementor-size-default\">Fabricaci\u00f3n<\/h2>\t\t\t\t<\/div>\n\t\t\t\t<\/div>\n\t\t\t\t<div class=\"elementor-element elementor-element-1569de8 elementor-widget-divider--view-line elementor-widget elementor-widget-divider\" data-id=\"1569de8\" data-element_type=\"widget\" data-widget_type=\"divider.default\">\n\t\t\t\t<div class=\"elementor-widget-container\">\n\t\t\t\t\t\t\t<div class=\"elementor-divider\">\n\t\t\t<span class=\"elementor-divider-separator\">\n\t\t\t\t\t\t<\/span>\n\t\t<\/div>\n\t\t\t\t\t\t<\/div>\n\t\t\t\t<\/div>\n\t\t\t\t<div class=\"elementor-element elementor-element-8549932 elementor-widget elementor-widget-text-editor\" data-id=\"8549932\" data-element_type=\"widget\" data-widget_type=\"text-editor.default\">\n\t\t\t\t<div class=\"elementor-widget-container\">\n\t\t\t\t\t\t\t\t\t<p>En Ergoseal, sabemos que el tiempo de actividad y la seguridad son fundamentales, independientemente del sector. Con una amplia gama de aplicaciones de fabricaci\u00f3n, tambi\u00e9n sabemos que a menudo son necesarias juntas personalizadas para cumplir requisitos espec\u00edficos.<\/p><p>Teniendo en cuenta estos factores, nuestro objetivo es que sus operaciones funcionen a la perfecci\u00f3n.<\/p><p>Por eso hemos invertido en excelencia en ingenier\u00eda y fabricaci\u00f3n, para ofrecer las mejores soluciones de estanquidad adaptadas a sus necesidades, presupuesto y plazos.<\/p>\t\t\t\t\t\t\t\t<\/div>\n\t\t\t\t<\/div>\n\t\t\t\t<div class=\"elementor-element elementor-element-0bf2c87 elementor-mobile-align-center elementor-widget elementor-widget-button\" data-id=\"0bf2c87\" data-element_type=\"widget\" data-widget_type=\"button.default\">\n\t\t\t\t<div class=\"elementor-widget-container\">\n\t\t\t\t\t\t\t\t\t<div class=\"elementor-button-wrapper\">\n\t\t\t\t\t<a class=\"elementor-button elementor-button-link elementor-size-sm\" href=\"#\">\n\t\t\t\t\t\t<span class=\"elementor-button-content-wrapper\">\n\t\t\t\t\t\t\t\t\t<span class=\"elementor-button-text\">Solicitar presupuesto<\/span>\n\t\t\t\t\t<\/span>\n\t\t\t\t\t<\/a>\n\t\t\t\t<\/div>\n\t\t\t\t\t\t\t\t<\/div>\n\t\t\t\t<\/div>\n\t\t\t\t<\/div>\n\t\t\t\t\t<\/div>\n\t\t\t\t<\/div>\n\t\t<div class=\"elementor-element elementor-element-dbab282 e-flex e-con-boxed e-con e-parent\" data-id=\"dbab282\" data-element_type=\"container\">\n\t\t\t\t\t<div class=\"e-con-inner\">\n\t\t<div class=\"elementor-element elementor-element-aa2822e e-con-full e-flex e-con e-child\" data-id=\"aa2822e\" data-element_type=\"container\">\n\t\t\t\t<div class=\"elementor-element elementor-element-e0f8d5d elementor-widget elementor-widget-heading\" data-id=\"e0f8d5d\" data-element_type=\"widget\" data-widget_type=\"heading.default\">\n\t\t\t\t<div class=\"elementor-widget-container\">\n\t\t\t\t\t<h2 class=\"elementor-heading-title elementor-size-default\">Dise\u00f1o e ingenier\u00eda personalizados<\/h2>\t\t\t\t<\/div>\n\t\t\t\t<\/div>\n\t\t\t\t<div class=\"elementor-element elementor-element-09ac868 elementor-widget-divider--view-line elementor-widget elementor-widget-divider\" data-id=\"09ac868\" data-element_type=\"widget\" data-widget_type=\"divider.default\">\n\t\t\t\t<div class=\"elementor-widget-container\">\n\t\t\t\t\t\t\t<div class=\"elementor-divider\">\n\t\t\t<span class=\"elementor-divider-separator\">\n\t\t\t\t\t\t<\/span>\n\t\t<\/div>\n\t\t\t\t\t\t<\/div>\n\t\t\t\t<\/div>\n\t\t\t\t<div class=\"elementor-element elementor-element-6bd3790 elementor-widget elementor-widget-text-editor\" data-id=\"6bd3790\" data-element_type=\"widget\" data-widget_type=\"text-editor.default\">\n\t\t\t\t<div class=\"elementor-widget-container\">\n\t\t\t\t\t\t\t\t\t<p>Tanto si le ayudamos a obtener el producto que mejor se ajusta como si generamos nuevas ideas para soluciones de estanquidad innovadoras, le proporcionamos una ventaja competitiva con los mejores servicios de dise\u00f1o e ingenier\u00eda de su clase.<\/p><p>Convierta hoy mismo nuestro soporte de dise\u00f1o e ingenier\u00eda en una extensi\u00f3n de su equipo.<\/p>\t\t\t\t\t\t\t\t<\/div>\n\t\t\t\t<\/div>\n\t\t\t\t<div class=\"elementor-element elementor-element-906732f elementor-mobile-align-center elementor-widget elementor-widget-button\" data-id=\"906732f\" data-element_type=\"widget\" data-widget_type=\"button.default\">\n\t\t\t\t<div class=\"elementor-widget-container\">\n\t\t\t\t\t\t\t\t\t<div class=\"elementor-button-wrapper\">\n\t\t\t\t\t<a class=\"elementor-button elementor-button-link elementor-size-sm\" href=\"#\">\n\t\t\t\t\t\t<span class=\"elementor-button-content-wrapper\">\n\t\t\t\t\t\t\t\t\t<span class=\"elementor-button-text\">Hable con un experto<\/span>\n\t\t\t\t\t<\/span>\n\t\t\t\t\t<\/a>\n\t\t\t\t<\/div>\n\t\t\t\t\t\t\t\t<\/div>\n\t\t\t\t<\/div>\n\t\t\t\t<\/div>\n\t\t<div class=\"elementor-element elementor-element-7cfa6af e-con-full e-flex e-con e-child\" data-id=\"7cfa6af\" data-element_type=\"container\">\n\t\t\t\t<div class=\"elementor-element elementor-element-a100960 elementor-widget elementor-widget-image\" data-id=\"a100960\" data-element_type=\"widget\" data-widget_type=\"image.default\">\n\t\t\t\t<div class=\"elementor-widget-container\">\n\t\t\t\t\t\t\t\t\t\t\t\t\t\t\t<img decoding=\"async\" width=\"650\" height=\"430\" src=\"https:\/\/abexseal.com\/wp-content\/uploads\/2025\/06\/Custom-Design-Engineering.jpg\" class=\"attachment-large size-large wp-image-1408\" alt=\"\" srcset=\"https:\/\/abexseal.com\/wp-content\/uploads\/2025\/06\/Custom-Design-Engineering.jpg 650w, https:\/\/abexseal.com\/wp-content\/uploads\/2025\/06\/Custom-Design-Engineering-300x198.jpg 300w\" sizes=\"(max-width: 650px) 100vw, 650px\" \/>\t\t\t\t\t\t\t\t\t\t\t\t\t\t\t<\/div>\n\t\t\t\t<\/div>\n\t\t\t\t<\/div>\n\t\t\t\t\t<\/div>\n\t\t\t\t<\/div>\n\t\t<div class=\"elementor-element elementor-element-3b226a8 e-flex e-con-boxed e-con e-parent\" data-id=\"3b226a8\" data-element_type=\"container\">\n\t\t\t\t\t<div class=\"e-con-inner\">\n\t\t<div class=\"elementor-element elementor-element-a53c4f2 e-con-full e-flex e-con e-child\" data-id=\"a53c4f2\" data-element_type=\"container\">\n\t\t\t\t<div class=\"elementor-element elementor-element-e01fe8f elementor-widget elementor-widget-image\" data-id=\"e01fe8f\" data-element_type=\"widget\" data-widget_type=\"image.default\">\n\t\t\t\t<div class=\"elementor-widget-container\">\n\t\t\t\t\t\t\t\t\t\t\t\t\t\t\t<img decoding=\"async\" width=\"650\" height=\"430\" src=\"https:\/\/abexseal.com\/wp-content\/uploads\/2025\/06\/Testing-Quality-Control.jpg\" class=\"attachment-large size-large wp-image-1409\" alt=\"\" srcset=\"https:\/\/abexseal.com\/wp-content\/uploads\/2025\/06\/Testing-Quality-Control.jpg 650w, https:\/\/abexseal.com\/wp-content\/uploads\/2025\/06\/Testing-Quality-Control-300x198.jpg 300w\" sizes=\"(max-width: 650px) 100vw, 650px\" \/>\t\t\t\t\t\t\t\t\t\t\t\t\t\t\t<\/div>\n\t\t\t\t<\/div>\n\t\t\t\t<\/div>\n\t\t<div class=\"elementor-element elementor-element-7ce2447 e-con-full e-flex e-con e-child\" data-id=\"7ce2447\" data-element_type=\"container\">\n\t\t\t\t<div class=\"elementor-element elementor-element-dc58528 elementor-widget elementor-widget-heading\" data-id=\"dc58528\" data-element_type=\"widget\" data-widget_type=\"heading.default\">\n\t\t\t\t<div class=\"elementor-widget-container\">\n\t\t\t\t\t<h2 class=\"elementor-heading-title elementor-size-default\">Pruebas y control de calidad<\/h2>\t\t\t\t<\/div>\n\t\t\t\t<\/div>\n\t\t\t\t<div class=\"elementor-element elementor-element-69df5b9 elementor-widget-divider--view-line elementor-widget elementor-widget-divider\" data-id=\"69df5b9\" data-element_type=\"widget\" data-widget_type=\"divider.default\">\n\t\t\t\t<div class=\"elementor-widget-container\">\n\t\t\t\t\t\t\t<div class=\"elementor-divider\">\n\t\t\t<span class=\"elementor-divider-separator\">\n\t\t\t\t\t\t<\/span>\n\t\t<\/div>\n\t\t\t\t\t\t<\/div>\n\t\t\t\t<\/div>\n\t\t\t\t<div class=\"elementor-element elementor-element-10f3a74 elementor-widget elementor-widget-text-editor\" data-id=\"10f3a74\" data-element_type=\"widget\" data-widget_type=\"text-editor.default\">\n\t\t\t\t<div class=\"elementor-widget-container\">\n\t\t\t\t\t\t\t\t\t<div data-slate-node=\"element\"><span data-slate-node=\"text\">Una de las formas m\u00e1s importantes en que Abex ofrece confianza es a trav\u00e9s de rigurosos servicios de pruebas y control de calidad.<\/span><\/div><div data-slate-node=\"element\">\u00a0<\/div><div data-slate-node=\"element\" data-slate-fragment=\"JTVCJTdCJTIydHlwZSUyMiUzQSUyMnBhcmFncmFwaCUyMiUyQyUyMmNoaWxkcmVuJTIyJTNBJTVCJTdCJTIyaWQlMjIlM0ElMjJCb2I4RURFV0t6JTIyJTJDJTIycGFyYUlkeCUyMiUzQTAlMkMlMjJzcmMlMjIlM0ElMjJPbmUlMjBvZiUyMHRoZSUyMG1vc3QlMjBpbXBvcnRhbnQlMjB3YXlzJTIwRXJnb3NlYWwlMjBkZWxpdmVycyUyMGNvbmZpZGVuY2UlMjBpcyUyMHRocm91Z2glMjByaWdvcm91cyUyMHRlc3RpbmclMjBhbmQlMjBxdWFsaXR5JTIwY29udHJvbCUyMHNlcnZpY2VzLiUyMiUyQyUyMmRzdCUyMiUzQSUyMkVyZ29zZWFsJUU2JThGJTkwJUU0JUJFJTlCJUU0JUJGJUExJUU1JUJGJTgzJUU3JTlBJTg0JUU2JTlDJTgwJUU5JTg3JThEJUU4JUE2JTgxJUU2JTk2JUI5JUU1JUJDJThGJUU0JUI5JThCJUU0JUI4JTgwJUU2JTk4JUFGJUU5JTgwJTlBJUU4JUJGJTg3JUU0JUI4JUE1JUU2JUEwJUJDJUU3JTlBJTg0JUU2JUI1JThCJUU4JUFGJTk1JUU1JTkyJThDJUU4JUI0JUE4JUU5JTg3JThGJUU2JThFJUE3JUU1JTg4JUI2JUU2JTlDJThEJUU1JThBJUExJUUzJTgwJTgyJTIyJTJDJTIybWV0YWRhdGElMjIlM0ElMjIlMjIlMkMlMjJtYXRjaGVzJTIyJTNBbnVsbCUyQyUyMm1ldGFEYXRhJTIyJTNBJTVCJTVEJTJDJTIydGV4dCUyMiUzQSUyMk9uZSUyMG9mJTIwdGhlJTIwbW9zdCUyMGltcG9ydGFudCUyMHdheXMlMjBBYmV4JTIwZGVsaXZlcnMlMjBjb25maWRlbmNlJTIwaXMlMjB0aHJvdWdoJTIwcmlnb3JvdXMlMjB0ZXN0aW5nJTIwYW5kJTIwcXVhbGl0eSUyMGNvbnRyb2wlMjBzZXJ2aWNlcy4lMjIlN0QlNUQlN0QlMkMlN0IlMjJ0eXBlJTIyJTNBJTIycGFyYWdyYXBoJTIyJTJDJTIyY2hpbGRyZW4lMjIlM0ElNUIlN0IlMjJpZCUyMiUzQSUyMlYwUTJkYmRQMXolMjIlMkMlMjJwYXJhSWR4JTIyJTNBMSUyQyUyMnNyYyUyMiUzQSUyMiUyMiUyQyUyMmRzdCUyMiUzQSUyMiUyMiUyQyUyMm1ldGFkYXRhJTIyJTNBJTIyJTIyJTJDJTIybWF0Y2hlcyUyMiUzQW51bGwlMkMlMjJtZXRhRGF0YSUyMiUzQSU1QiU1RCUyQyUyMnRleHQlMjIlM0ElMjIlMjIlN0QlNUQlN0QlMkMlN0IlMjJ0eXBlJTIyJTNBJTIycGFyYWdyYXBoJTIyJTJDJTIyY2hpbGRyZW4lMjIlM0ElNUIlN0IlMjJpZCUyMiUzQSUyMmVKcTl2TnZENEIlMjIlMkMlMjJwYXJhSWR4JTIyJTNBMiUyQyUyMnNyYyUyMiUzQSUyMkZyb20lMjB2YWN1dW0lMjB0ZXN0aW5nJTIwdG8lMjBpbnNwZWN0aW9ucyUyMGluJTIwb3VyJTIwY2xpbWF0ZS1jb250cm9sbGVkJTIwbGFiJTJDJTIwb3VyJTIwbWV0aG9kaWNhbCUyMGFwcHJvYWNoJTIwYW5kJTIwc3RhdGUtb2YtdGhlLWFydCUyMGVxdWlwbWVudCUyMGVuc3VyZSUyMGV2ZXJ5JTIwcHJvZHVjdCUyMGhhcyUyMGJlZW4lMjB0aG9yb3VnaGx5JTIwdGVzdGVkJTIwYW5kJTIwdmFsaWRhdGVkLiUyMiUyQyUyMmRzdCUyMiUzQSUyMiVFNCVCQiU4RSVFNyU5QyU5RiVFNyVBOSVCQSVFNiVCNSU4QiVFOCVBRiU5NSVFNSU4OCVCMCVFNiU4OCU5MSVFNCVCQiVBQyVFNiVCMCU5NCVFNSU4MCU5OSVFNiU4RSVBNyVFNSU4OCVCNiVFNSVBRSU5RSVFOSVBQSU4QyVFNSVBRSVBNCVFNyU5QSU4NCVFNiVBMyU4MCVFNiU5RiVBNSVFRiVCQyU4QyVFNiU4OCU5MSVFNCVCQiVBQyVFNiU5QyU4OSVFNiU5RCVBMSVFNCVCOCU4RCVFNyVCNCU4QSVFNyU5QSU4NCVFNiU5NiVCOSVFNiVCMyU5NSVFNSU5MiU4QyVFNiU5QyU4MCVFNSU4NSU4OCVFOCVCRiU5QiVFNyU5QSU4NCVFOCVBRSVCRSVFNSVBNCU4NyVFNyVBMSVBRSVFNCVCRiU5RCVFNiVBRiU4RiVFNCVCOCU4MCVFNCVCQiVCNiVFNCVCQSVBNyVFNSU5MyU4MSVFOSU4MyVCRCVFNyVCQiU4RiVFOCVCRiU4NyVFNSVCRCVCQiVFNSVCQSU5NSVFNyU5QSU4NCVFNiVCNSU4QiVFOCVBRiU5NSVFNSU5MiU4QyVFOSVBQSU4QyVFOCVBRiU4MSVFMyU4MCU4MiUyMiUyQyUyMm1ldGFkYXRhJTIyJTNBJTIyJTIyJTJDJTIybWF0Y2hlcyUyMiUzQW51bGwlMkMlMjJtZXRhRGF0YSUyMiUzQSU1QiU1RCUyQyUyMnRleHQlMjIlM0ElMjJGcm9tJTIwdmFjdXVtJTIwdGVzdGluZyUyMHRvJTIwaW5zcGVjdGlvbnMlMjBpbiUyMG91ciUyMGNsaW1hdGUtY29udHJvbGxlZCUyMGxhYiUyQyUyMG91ciUyMG1ldGhvZGljYWwlMjBhcHByb2FjaCUyMGFuZCUyMHN0YXRlLW9mLXRoZS1hcnQlMjBlcXVpcG1lbnQlMjBlbnN1cmUlMjBldmVyeSUyMHByb2R1Y3QlMjBoYXMlMjBiZWVuJTIwdGhvcm91Z2hseSUyMHRlc3RlZCUyMGFuZCUyMHZhbGlkYXRlZC4lMjIlN0QlNUQlN0QlNUQ=\"><span data-slate-node=\"text\">Desde las pruebas de vac\u00edo hasta las inspecciones en nuestro laboratorio de clima controlado, nuestro enfoque met\u00f3dico y nuestros equipos de \u00faltima generaci\u00f3n garantizan que cada producto se ha probado y validado exhaustivamente.<\/span><\/div>\t\t\t\t\t\t\t\t<\/div>\n\t\t\t\t<\/div>\n\t\t\t\t<div class=\"elementor-element elementor-element-5e838b8 elementor-mobile-align-center elementor-widget elementor-widget-button\" data-id=\"5e838b8\" data-element_type=\"widget\" data-widget_type=\"button.default\">\n\t\t\t\t<div class=\"elementor-widget-container\">\n\t\t\t\t\t\t\t\t\t<div class=\"elementor-button-wrapper\">\n\t\t\t\t\t<a class=\"elementor-button elementor-button-link elementor-size-sm\" href=\"#\">\n\t\t\t\t\t\t<span class=\"elementor-button-content-wrapper\">\n\t\t\t\t\t\t\t\t\t<span class=\"elementor-button-text\">P\u00f3ngase en contacto con nosotros<\/span>\n\t\t\t\t\t<\/span>\n\t\t\t\t\t<\/a>\n\t\t\t\t<\/div>\n\t\t\t\t\t\t\t\t<\/div>\n\t\t\t\t<\/div>\n\t\t\t\t<\/div>\n\t\t\t\t\t<\/div>\n\t\t\t\t<\/div>\n\t\t\t\t<\/div>","protected":false},"excerpt":{"rendered":"<p>Soluciones de sellado Al aportar soluciones de sellado de valor a\u00f1adido que mejoran la calidad y la eficacia de la cadena de suministro, Abex Seal simplifica su proceso de compra y reduce el riesgo. Al utilizar varios proveedores probados y homologados para cada componente, garantizamos a\u00fan m\u00e1s una calidad y disponibilidad fiables, cuando y donde las necesite. Fabricaci\u00f3n En Ergoseal, entendemos que el tiempo de actividad y [...]<\/p>","protected":false},"author":1,"featured_media":0,"parent":0,"menu_order":0,"comment_status":"closed","ping_status":"closed","template":"","meta":{"_acf_changed":false,"footnotes":""},"class_list":["post-721","page","type-page","status-publish","hentry"],"acf":[],"_links":{"self":[{"href":"https:\/\/abexseal.com\/es\/wp-json\/wp\/v2\/pages\/721","targetHints":{"allow":["GET"]}}],"collection":[{"href":"https:\/\/abexseal.com\/es\/wp-json\/wp\/v2\/pages"}],"about":[{"href":"https:\/\/abexseal.com\/es\/wp-json\/wp\/v2\/types\/page"}],"author":[{"embeddable":true,"href":"https:\/\/abexseal.com\/es\/wp-json\/wp\/v2\/users\/1"}],"replies":[{"embeddable":true,"href":"https:\/\/abexseal.com\/es\/wp-json\/wp\/v2\/comments?post=721"}],"version-history":[{"count":49,"href":"https:\/\/abexseal.com\/es\/wp-json\/wp\/v2\/pages\/721\/revisions"}],"predecessor-version":[{"id":1412,"href":"https:\/\/abexseal.com\/es\/wp-json\/wp\/v2\/pages\/721\/revisions\/1412"}],"wp:attachment":[{"href":"https:\/\/abexseal.com\/es\/wp-json\/wp\/v2\/media?parent=721"}],"curies":[{"name":"wp","href":"https:\/\/api.w.org\/{rel}","templated":true}]}}