{"id":4043,"date":"2025-11-02T11:19:57","date_gmt":"2025-11-02T11:19:57","guid":{"rendered":"https:\/\/abexseal.com\/?page_id=4043"},"modified":"2025-11-02T11:31:03","modified_gmt":"2025-11-02T11:31:03","slug":"quality-control","status":"publish","type":"page","link":"https:\/\/abexseal.com\/es\/quality-control\/","title":{"rendered":"Control de calidad"},"content":{"rendered":"<div data-elementor-type=\"wp-page\" data-elementor-id=\"4043\" class=\"elementor elementor-4043\" data-elementor-post-type=\"page\">\n\t\t\t\t<div class=\"elementor-element elementor-element-aa4b4c4 e-flex e-con-boxed e-con e-parent\" data-id=\"aa4b4c4\" data-element_type=\"container\" data-settings=\"{&quot;background_background&quot;:&quot;classic&quot;}\">\n\t\t\t\t\t<div class=\"e-con-inner\">\n\t\t\t\t<div class=\"elementor-element elementor-element-4263077 elementor-widget elementor-widget-heading\" data-id=\"4263077\" data-element_type=\"widget\" data-widget_type=\"heading.default\">\n\t\t\t\t<div class=\"elementor-widget-container\">\n\t\t\t\t\t<h1 class=\"elementor-heading-title elementor-size-default\">Control de calidad<\/h1>\t\t\t\t<\/div>\n\t\t\t\t<\/div>\n\t\t\t\t<div class=\"elementor-element elementor-element-64e9271 elementor-widget elementor-widget-text-editor\" data-id=\"64e9271\" data-element_type=\"widget\" data-widget_type=\"text-editor.default\">\n\t\t\t\t<div class=\"elementor-widget-container\">\n\t\t\t\t\t\t\t\t\t<p>Cuando recibimos el pedido de los sellos de su parte, necesitamos seguir el flujo de proceso razonable y cualificado para operarlo.<\/p>\t\t\t\t\t\t\t\t<\/div>\n\t\t\t\t<\/div>\n\t\t\t\t\t<\/div>\n\t\t\t\t<\/div>\n\t\t<div class=\"elementor-element elementor-element-f1021ee e-flex e-con-boxed e-con e-parent\" data-id=\"f1021ee\" data-element_type=\"container\">\n\t\t\t\t\t<div class=\"e-con-inner\">\n\t\t<div class=\"elementor-element elementor-element-61c3cdd e-con-full e-flex e-con e-child\" data-id=\"61c3cdd\" data-element_type=\"container\">\n\t\t\t\t<div class=\"elementor-element elementor-element-f3a53ac elementor-widget elementor-widget-image\" data-id=\"f3a53ac\" data-element_type=\"widget\" data-widget_type=\"image.default\">\n\t\t\t\t<div class=\"elementor-widget-container\">\n\t\t\t\t\t\t\t\t\t\t\t\t\t\t\t<img fetchpriority=\"high\" decoding=\"async\" width=\"800\" height=\"480\" src=\"https:\/\/abexseal.com\/wp-content\/uploads\/2025\/11\/20251031152759_135_1257.jpg\" class=\"attachment-large size-large wp-image-4053\" alt=\"\" srcset=\"https:\/\/abexseal.com\/wp-content\/uploads\/2025\/11\/20251031152759_135_1257.jpg 800w, https:\/\/abexseal.com\/wp-content\/uploads\/2025\/11\/20251031152759_135_1257-300x180.jpg 300w, https:\/\/abexseal.com\/wp-content\/uploads\/2025\/11\/20251031152759_135_1257-768x461.jpg 768w\" sizes=\"(max-width: 800px) 100vw, 800px\" \/>\t\t\t\t\t\t\t\t\t\t\t\t\t\t\t<\/div>\n\t\t\t\t<\/div>\n\t\t\t\t<\/div>\n\t\t<div class=\"elementor-element elementor-element-4e28adb e-con-full e-flex e-con e-child\" data-id=\"4e28adb\" data-element_type=\"container\">\n\t\t\t\t<div class=\"elementor-element elementor-element-c14ec4f elementor-widget elementor-widget-heading\" data-id=\"c14ec4f\" data-element_type=\"widget\" data-widget_type=\"heading.default\">\n\t\t\t\t<div class=\"elementor-widget-container\">\n\t\t\t\t\t<h2 class=\"elementor-heading-title elementor-size-default\">Pol\u00edtica de calidad<\/h2>\t\t\t\t<\/div>\n\t\t\t\t<\/div>\n\t\t\t\t<div class=\"elementor-element elementor-element-913b983 elementor-widget-divider--view-line elementor-widget elementor-widget-divider\" data-id=\"913b983\" data-element_type=\"widget\" data-widget_type=\"divider.default\">\n\t\t\t\t<div class=\"elementor-widget-container\">\n\t\t\t\t\t\t\t<div class=\"elementor-divider\">\n\t\t\t<span class=\"elementor-divider-separator\">\n\t\t\t\t\t\t<\/span>\n\t\t<\/div>\n\t\t\t\t\t\t<\/div>\n\t\t\t\t<\/div>\n\t\t\t\t<div class=\"elementor-element elementor-element-11498a8 elementor-widget elementor-widget-text-editor\" data-id=\"11498a8\" data-element_type=\"widget\" data-widget_type=\"text-editor.default\">\n\t\t\t\t<div class=\"elementor-widget-container\">\n\t\t\t\t\t\t\t\t\t<p>Como fabricante de sellos mec\u00e1nicos en China con certificaci\u00f3n API Q1 10th y Lloyd's ISO9001:2015, implementamos rigurosos controles de calidad a trav\u00e9s de:<\/p><ul><li>Gesti\u00f3n de procesos basada en el riesgo_ en consonancia con los requisitos de la especificaci\u00f3n API Q1 10\u00aa edici\u00f3n.<\/li><li>Sistemas de trazabilidad de extremo a extremo_ que abarcan desde la verificaci\u00f3n del dise\u00f1o hasta la inspecci\u00f3n final.<\/li><li>Mecanismos de mejora continua_ con ciclos de acciones correctivas acciones preventivas.<\/li><li>Procedimientos validados por terceros para la trazabilidad de los materiales y el control de las no conformidades.<\/li><\/ul><p><br \/>Nuestro sistema de calidad con doble certificaci\u00f3n garantiza que todos los productos superan las normas API\/ISO, al tiempo que satisfacen sus necesidades espec\u00edficas de seguridad y fiabilidad operativas.<\/p>\t\t\t\t\t\t\t\t<\/div>\n\t\t\t\t<\/div>\n\t\t\t\t<\/div>\n\t\t\t\t\t<\/div>\n\t\t\t\t<\/div>\n\t\t<div class=\"elementor-element elementor-element-5e2a314 e-flex e-con-boxed e-con e-parent\" data-id=\"5e2a314\" data-element_type=\"container\">\n\t\t\t\t\t<div class=\"e-con-inner\">\n\t\t<div class=\"elementor-element elementor-element-91d3d6b e-con-full e-flex e-con e-child\" data-id=\"91d3d6b\" data-element_type=\"container\">\n\t\t\t\t<div class=\"elementor-element elementor-element-2fed4dc elementor-widget elementor-widget-heading\" data-id=\"2fed4dc\" data-element_type=\"widget\" data-widget_type=\"heading.default\">\n\t\t\t\t<div class=\"elementor-widget-container\">\n\t\t\t\t\t<h2 class=\"elementor-heading-title elementor-size-default\">Equipos de ensayo profesionales<\/h2>\t\t\t\t<\/div>\n\t\t\t\t<\/div>\n\t\t\t\t<div class=\"elementor-element elementor-element-041f3d7 elementor-widget-divider--view-line elementor-widget elementor-widget-divider\" data-id=\"041f3d7\" data-element_type=\"widget\" data-widget_type=\"divider.default\">\n\t\t\t\t<div class=\"elementor-widget-container\">\n\t\t\t\t\t\t\t<div class=\"elementor-divider\">\n\t\t\t<span class=\"elementor-divider-separator\">\n\t\t\t\t\t\t<\/span>\n\t\t<\/div>\n\t\t\t\t\t\t<\/div>\n\t\t\t\t<\/div>\n\t\t\t\t<div class=\"elementor-element elementor-element-ac75e50 elementor-widget elementor-widget-text-editor\" data-id=\"ac75e50\" data-element_type=\"widget\" data-widget_type=\"text-editor.default\">\n\t\t\t\t<div class=\"elementor-widget-container\">\n\t\t\t\t\t\t\t\t\t<p>Todos los equipos de ensayo tienen un plan de calibraci\u00f3n normalizado y siguen estrictamente el proceso de calibraci\u00f3n.<\/p>\t\t\t\t\t\t\t\t<\/div>\n\t\t\t\t<\/div>\n\t\t<div class=\"elementor-element elementor-element-899517d e-grid e-con-full e-con e-child\" data-id=\"899517d\" data-element_type=\"container\">\n\t\t\t\t<div class=\"elementor-element elementor-element-1d0645f elementor-widget elementor-widget-image\" data-id=\"1d0645f\" data-element_type=\"widget\" data-widget_type=\"image.default\">\n\t\t\t\t<div class=\"elementor-widget-container\">\n\t\t\t\t\t\t\t\t\t\t\t\t\t\t\t<img decoding=\"async\" width=\"580\" height=\"420\" src=\"https:\/\/abexseal.com\/wp-content\/uploads\/2025\/11\/eq-_20251031152757_133_1257.jpg\" class=\"attachment-large size-large wp-image-4055\" alt=\"\" srcset=\"https:\/\/abexseal.com\/wp-content\/uploads\/2025\/11\/eq-_20251031152757_133_1257.jpg 580w, https:\/\/abexseal.com\/wp-content\/uploads\/2025\/11\/eq-_20251031152757_133_1257-300x217.jpg 300w\" sizes=\"(max-width: 580px) 100vw, 580px\" \/>\t\t\t\t\t\t\t\t\t\t\t\t\t\t\t<\/div>\n\t\t\t\t<\/div>\n\t\t\t\t<div class=\"elementor-element elementor-element-3c5a5cc elementor-widget elementor-widget-image\" data-id=\"3c5a5cc\" data-element_type=\"widget\" data-widget_type=\"image.default\">\n\t\t\t\t<div class=\"elementor-widget-container\">\n\t\t\t\t\t\t\t\t\t\t\t\t\t\t\t<img decoding=\"async\" width=\"580\" height=\"420\" src=\"https:\/\/abexseal.com\/wp-content\/uploads\/2025\/11\/eq_20251031152756_131_1257.jpg\" class=\"attachment-large size-large wp-image-4056\" alt=\"\" srcset=\"https:\/\/abexseal.com\/wp-content\/uploads\/2025\/11\/eq_20251031152756_131_1257.jpg 580w, https:\/\/abexseal.com\/wp-content\/uploads\/2025\/11\/eq_20251031152756_131_1257-300x217.jpg 300w\" sizes=\"(max-width: 580px) 100vw, 580px\" \/>\t\t\t\t\t\t\t\t\t\t\t\t\t\t\t<\/div>\n\t\t\t\t<\/div>\n\t\t\t\t<div class=\"elementor-element elementor-element-7056188 elementor-widget elementor-widget-image\" data-id=\"7056188\" data-element_type=\"widget\" data-widget_type=\"image.default\">\n\t\t\t\t<div class=\"elementor-widget-container\">\n\t\t\t\t\t\t\t\t\t\t\t\t\t\t\t<img loading=\"lazy\" decoding=\"async\" width=\"580\" height=\"420\" src=\"https:\/\/abexseal.com\/wp-content\/uploads\/2025\/11\/eq_20251031152757_132_1257.jpg\" class=\"attachment-large size-large wp-image-4057\" alt=\"\" srcset=\"https:\/\/abexseal.com\/wp-content\/uploads\/2025\/11\/eq_20251031152757_132_1257.jpg 580w, https:\/\/abexseal.com\/wp-content\/uploads\/2025\/11\/eq_20251031152757_132_1257-300x217.jpg 300w\" sizes=\"(max-width: 580px) 100vw, 580px\" \/>\t\t\t\t\t\t\t\t\t\t\t\t\t\t\t<\/div>\n\t\t\t\t<\/div>\n\t\t\t\t<div class=\"elementor-element elementor-element-82cd29c elementor-widget elementor-widget-image\" data-id=\"82cd29c\" data-element_type=\"widget\" data-widget_type=\"image.default\">\n\t\t\t\t<div class=\"elementor-widget-container\">\n\t\t\t\t\t\t\t\t\t\t\t\t\t\t\t<img loading=\"lazy\" decoding=\"async\" width=\"580\" height=\"420\" src=\"https:\/\/abexseal.com\/wp-content\/uploads\/2025\/11\/eq_20251031152758_134_1257.jpg\" class=\"attachment-large size-large wp-image-4058\" alt=\"\" srcset=\"https:\/\/abexseal.com\/wp-content\/uploads\/2025\/11\/eq_20251031152758_134_1257.jpg 580w, https:\/\/abexseal.com\/wp-content\/uploads\/2025\/11\/eq_20251031152758_134_1257-300x217.jpg 300w\" sizes=\"(max-width: 580px) 100vw, 580px\" \/>\t\t\t\t\t\t\t\t\t\t\t\t\t\t\t<\/div>\n\t\t\t\t<\/div>\n\t\t\t\t<\/div>\n\t\t\t\t<\/div>\n\t\t<div class=\"elementor-element elementor-element-53d6729 e-con-full e-flex e-con e-child\" data-id=\"53d6729\" data-element_type=\"container\">\n\t\t\t\t<div class=\"elementor-element elementor-element-462a9d9 elementor-widget elementor-widget-image\" data-id=\"462a9d9\" data-element_type=\"widget\" data-widget_type=\"image.default\">\n\t\t\t\t<div class=\"elementor-widget-container\">\n\t\t\t\t\t\t\t\t\t\t\t\t\t\t\t<img loading=\"lazy\" decoding=\"async\" width=\"800\" height=\"480\" src=\"https:\/\/abexseal.com\/wp-content\/uploads\/2025\/11\/20251031152800_136_1257.jpg\" class=\"attachment-large size-large wp-image-4054\" alt=\"\" srcset=\"https:\/\/abexseal.com\/wp-content\/uploads\/2025\/11\/20251031152800_136_1257.jpg 800w, https:\/\/abexseal.com\/wp-content\/uploads\/2025\/11\/20251031152800_136_1257-300x180.jpg 300w, https:\/\/abexseal.com\/wp-content\/uploads\/2025\/11\/20251031152800_136_1257-768x461.jpg 768w\" sizes=\"(max-width: 800px) 100vw, 800px\" \/>\t\t\t\t\t\t\t\t\t\t\t\t\t\t\t<\/div>\n\t\t\t\t<\/div>\n\t\t\t\t<\/div>\n\t\t\t\t\t<\/div>\n\t\t\t\t<\/div>\n\t\t\t\t<\/div>","protected":false},"excerpt":{"rendered":"<p>Control de calidad Cuando recibimos el pedido de los sellos de su parte, necesitamos seguir el flujo de proceso razonable y calificado para operarlo. Pol\u00edtica de calidad Como fabricante de sellos mec\u00e1nicos en China certificado por API Q1 10th y Lloyd's ISO9001:2015, implementamos rigurosos controles de calidad a trav\u00e9s de: Gesti\u00f3n de procesos basada en riesgos_ alineada con API Spec Q1 [...]<\/p>","protected":false},"author":1,"featured_media":0,"parent":0,"menu_order":0,"comment_status":"closed","ping_status":"closed","template":"","meta":{"_acf_changed":false,"footnotes":""},"class_list":["post-4043","page","type-page","status-publish","hentry"],"acf":[],"_links":{"self":[{"href":"https:\/\/abexseal.com\/es\/wp-json\/wp\/v2\/pages\/4043","targetHints":{"allow":["GET"]}}],"collection":[{"href":"https:\/\/abexseal.com\/es\/wp-json\/wp\/v2\/pages"}],"about":[{"href":"https:\/\/abexseal.com\/es\/wp-json\/wp\/v2\/types\/page"}],"author":[{"embeddable":true,"href":"https:\/\/abexseal.com\/es\/wp-json\/wp\/v2\/users\/1"}],"replies":[{"embeddable":true,"href":"https:\/\/abexseal.com\/es\/wp-json\/wp\/v2\/comments?post=4043"}],"version-history":[{"count":10,"href":"https:\/\/abexseal.com\/es\/wp-json\/wp\/v2\/pages\/4043\/revisions"}],"predecessor-version":[{"id":4064,"href":"https:\/\/abexseal.com\/es\/wp-json\/wp\/v2\/pages\/4043\/revisions\/4064"}],"wp:attachment":[{"href":"https:\/\/abexseal.com\/es\/wp-json\/wp\/v2\/media?parent=4043"}],"curies":[{"name":"wp","href":"https:\/\/api.w.org\/{rel}","templated":true}]}}