{"id":10,"date":"2025-05-18T11:56:35","date_gmt":"2025-05-18T11:56:35","guid":{"rendered":"https:\/\/abexseal.com\/?page_id=10"},"modified":"2025-11-14T03:30:59","modified_gmt":"2025-11-14T03:30:59","slug":"about","status":"publish","type":"page","link":"https:\/\/abexseal.com\/es\/about\/","title":{"rendered":"Acerca de"},"content":{"rendered":"<div data-elementor-type=\"wp-post\" data-elementor-id=\"10\" class=\"elementor elementor-10\" data-elementor-post-type=\"page\">\n\t\t\t\t<div class=\"elementor-element elementor-element-740c8c4 e-flex e-con-boxed e-con e-parent\" data-id=\"740c8c4\" data-element_type=\"container\" data-settings=\"{&quot;background_background&quot;:&quot;classic&quot;}\">\n\t\t\t\t\t<div class=\"e-con-inner\">\n\t\t\t\t<div class=\"elementor-element elementor-element-8909dca elementor-widget elementor-widget-heading\" data-id=\"8909dca\" data-element_type=\"widget\" data-widget_type=\"heading.default\">\n\t\t\t\t<div class=\"elementor-widget-container\">\n\t\t\t\t\t<h1 class=\"elementor-heading-title elementor-size-default\">SOBRE ABEX<sup><font size=\"4\"><!-- \u00ae --><\/font><\/sup> <\/h1>\t\t\t\t<\/div>\n\t\t\t\t<\/div>\n\t\t\t\t<div class=\"elementor-element elementor-element-7ecbee2 elementor-widget elementor-widget-heading\" data-id=\"7ecbee2\" data-element_type=\"widget\" data-widget_type=\"heading.default\">\n\t\t\t\t<div class=\"elementor-widget-container\">\n\t\t\t\t\t<p class=\"elementor-heading-title elementor-size-default\">Especialista en dise\u00f1o y fabricaci\u00f3n de cierres mec\u00e1nicos y sistemas de soporte.<\/p>\t\t\t\t<\/div>\n\t\t\t\t<\/div>\n\t\t\t\t\t<\/div>\n\t\t\t\t<\/div>\n\t\t<div class=\"elementor-element elementor-element-d116797 e-flex e-con-boxed e-con e-parent\" data-id=\"d116797\" data-element_type=\"container\">\n\t\t\t\t\t<div class=\"e-con-inner\">\n\t\t<div class=\"elementor-element elementor-element-119f9a1 e-con-full e-flex e-con e-child\" data-id=\"119f9a1\" data-element_type=\"container\">\n\t\t\t\t<div class=\"elementor-element elementor-element-0d6f959 elementor-widget elementor-widget-heading\" data-id=\"0d6f959\" data-element_type=\"widget\" data-widget_type=\"heading.default\">\n\t\t\t\t<div class=\"elementor-widget-container\">\n\t\t\t\t\t<h2 class=\"elementor-heading-title elementor-size-default\">Qui\u00e9nes somos<\/h2>\t\t\t\t<\/div>\n\t\t\t\t<\/div>\n\t\t\t\t<div class=\"elementor-element elementor-element-8bdbc32 elementor-widget-divider--view-line elementor-widget elementor-widget-divider\" data-id=\"8bdbc32\" data-element_type=\"widget\" data-widget_type=\"divider.default\">\n\t\t\t\t<div class=\"elementor-widget-container\">\n\t\t\t\t\t\t\t<div class=\"elementor-divider\">\n\t\t\t<span class=\"elementor-divider-separator\">\n\t\t\t\t\t\t<\/span>\n\t\t<\/div>\n\t\t\t\t\t\t<\/div>\n\t\t\t\t<\/div>\n\t\t\t\t<div class=\"elementor-element elementor-element-cd250a9 elementor-widget elementor-widget-text-editor\" data-id=\"cd250a9\" data-element_type=\"widget\" data-widget_type=\"text-editor.default\">\n\t\t\t\t<div class=\"elementor-widget-container\">\n\t\t\t\t\t\t\t\t\t<p>NingBo ABEX Seal Technology Co., Ltd, anteriormente conocido como GaoHong Seal Factory, se encuentra en la ciudad de NingBo provincia de ZheJiang.somos un fabricante de sellos de alta gama que integra el dise\u00f1o, producci\u00f3n y procesamiento, ventas y servicios.especializada en servir a la gama alta market.such como medio de lodo mixto, alta temperatura, alta presi\u00f3n, alta velocidad, alta viscosidad, los alimentos y los requisitos sanitarios grad, funcionamiento en seco, fuerte corrosi\u00f3n, etc condiciones de trabajo.<br \/>Nuestra empresa se especializa en la producci\u00f3n de sellos de cartucho, sellos de fuelle met\u00e1lico, sellos divididos, sellos Max y agitador, sellos de anillo flotante de carbono, sellos de gas seco y sistemas de suministro de sellos Los productos pueden reemplazar productos de marcas como Burgmann, AES, Vulcan, John Crane, Chesterton, Flowserve y as\u00ed sucesivamente.<br \/>Exportaci\u00f3n a Oriente Medio, Europa, Am\u00e9rica, Rusia y pa\u00edses del sudeste asi\u00e1tico.<\/p>\t\t\t\t\t\t\t\t<\/div>\n\t\t\t\t<\/div>\n\t\t\t\t<div class=\"elementor-element elementor-element-08aaed3 elementor-mobile-align-center elementor-widget elementor-widget-button\" data-id=\"08aaed3\" data-element_type=\"widget\" data-widget_type=\"button.default\">\n\t\t\t\t<div class=\"elementor-widget-container\">\n\t\t\t\t\t\t\t\t\t<div class=\"elementor-button-wrapper\">\n\t\t\t\t\t<a class=\"elementor-button elementor-button-link elementor-size-sm\" href=\"https:\/\/abexseal.com\/contact\/\">\n\t\t\t\t\t\t<span class=\"elementor-button-content-wrapper\">\n\t\t\t\t\t\t\t\t\t<span class=\"elementor-button-text\">Contacte con nosotros<\/span>\n\t\t\t\t\t<\/span>\n\t\t\t\t\t<\/a>\n\t\t\t\t<\/div>\n\t\t\t\t\t\t\t\t<\/div>\n\t\t\t\t<\/div>\n\t\t\t\t<\/div>\n\t\t<div class=\"elementor-element elementor-element-635f899 e-con-full e-flex e-con e-child\" data-id=\"635f899\" data-element_type=\"container\">\n\t\t\t\t<div class=\"elementor-element elementor-element-b71c1d0 elementor-widget elementor-widget-image\" data-id=\"b71c1d0\" data-element_type=\"widget\" data-widget_type=\"image.default\">\n\t\t\t\t<div class=\"elementor-widget-container\">\n\t\t\t\t\t\t\t\t\t\t\t\t\t\t\t<img fetchpriority=\"high\" decoding=\"async\" width=\"700\" height=\"467\" src=\"https:\/\/abexseal.com\/wp-content\/uploads\/2025\/05\/industry-manufacturing.webp\" class=\"attachment-large size-large wp-image-743\" alt=\"\" srcset=\"https:\/\/abexseal.com\/wp-content\/uploads\/2025\/05\/industry-manufacturing.webp 700w, https:\/\/abexseal.com\/wp-content\/uploads\/2025\/05\/industry-manufacturing-300x200.webp 300w\" sizes=\"(max-width: 700px) 100vw, 700px\" \/>\t\t\t\t\t\t\t\t\t\t\t\t\t\t\t<\/div>\n\t\t\t\t<\/div>\n\t\t\t\t<\/div>\n\t\t\t\t\t<\/div>\n\t\t\t\t<\/div>\n\t\t<div class=\"elementor-element elementor-element-60f4213 e-flex e-con-boxed e-con e-parent\" data-id=\"60f4213\" data-element_type=\"container\" data-settings=\"{&quot;background_background&quot;:&quot;classic&quot;}\">\n\t\t\t\t\t<div class=\"e-con-inner\">\n\t\t\t\t<div class=\"elementor-element elementor-element-3489c9a elementor-widget elementor-widget-heading\" data-id=\"3489c9a\" data-element_type=\"widget\" data-widget_type=\"heading.default\">\n\t\t\t\t<div class=\"elementor-widget-container\">\n\t\t\t\t\t<h2 class=\"elementor-heading-title elementor-size-default\">La ventaja del sello Abex<\/h2>\t\t\t\t<\/div>\n\t\t\t\t<\/div>\n\t\t\t\t<div class=\"elementor-element elementor-element-e4c767a elementor-widget elementor-widget-text-editor\" data-id=\"e4c767a\" data-element_type=\"widget\" data-widget_type=\"text-editor.default\">\n\t\t\t\t<div class=\"elementor-widget-container\">\n\t\t\t\t\t\t\t\t\t<p>Especialista en dise\u00f1o y fabricaci\u00f3n de cierres mec\u00e1nicos y sistemas de soporte.<\/p>\t\t\t\t\t\t\t\t<\/div>\n\t\t\t\t<\/div>\n\t\t\t\t<div class=\"elementor-element elementor-element-05368f6 elementor-widget elementor-widget-video\" data-id=\"05368f6\" data-element_type=\"widget\" data-settings=\"{&quot;youtube_url&quot;:&quot;https:\\\/\\\/www.youtube.com\\\/watch?v=48JxsCTPIpM&quot;,&quot;video_type&quot;:&quot;youtube&quot;,&quot;controls&quot;:&quot;yes&quot;}\" data-widget_type=\"video.default\">\n\t\t\t\t<div class=\"elementor-widget-container\">\n\t\t\t\t\t\t\t<div class=\"elementor-wrapper elementor-open-inline\">\n\t\t\t<div class=\"elementor-video\"><\/div>\t\t<\/div>\n\t\t\t\t\t\t<\/div>\n\t\t\t\t<\/div>\n\t\t\t\t\t<\/div>\n\t\t\t\t<\/div>\n\t\t<div class=\"elementor-element elementor-element-c59d3bb e-flex e-con-boxed e-con e-parent\" data-id=\"c59d3bb\" data-element_type=\"container\">\n\t\t\t\t\t<div class=\"e-con-inner\">\n\t\t\t\t<div class=\"elementor-element elementor-element-395adc8 elementor-widget elementor-widget-heading\" data-id=\"395adc8\" data-element_type=\"widget\" data-widget_type=\"heading.default\">\n\t\t\t\t<div class=\"elementor-widget-container\">\n\t\t\t\t\t<h2 class=\"elementor-heading-title elementor-size-default\">Nuestros servicios<\/h2>\t\t\t\t<\/div>\n\t\t\t\t<\/div>\n\t\t<div class=\"elementor-element elementor-element-39a6dbd e-grid e-con-full e-con e-child\" data-id=\"39a6dbd\" data-element_type=\"container\">\n\t\t\t\t<div class=\"elementor-element elementor-element-a178e57 elementor-position-top elementor-widget elementor-widget-image-box\" data-id=\"a178e57\" data-element_type=\"widget\" data-widget_type=\"image-box.default\">\n\t\t\t\t<div class=\"elementor-widget-container\">\n\t\t\t\t\t<div class=\"elementor-image-box-wrapper\"><figure class=\"elementor-image-box-img\"><img decoding=\"async\" width=\"650\" height=\"430\" src=\"https:\/\/abexseal.com\/wp-content\/uploads\/2025\/06\/Custom-Design-Engineering.jpg\" class=\"attachment-full size-full wp-image-1408\" alt=\"\" srcset=\"https:\/\/abexseal.com\/wp-content\/uploads\/2025\/06\/Custom-Design-Engineering.jpg 650w, https:\/\/abexseal.com\/wp-content\/uploads\/2025\/06\/Custom-Design-Engineering-300x198.jpg 300w\" sizes=\"(max-width: 650px) 100vw, 650px\" \/><\/figure><div class=\"elementor-image-box-content\"><h3 class=\"elementor-image-box-title\">Dise\u00f1o e ingenier\u00eda personalizados<\/h3><\/div><\/div>\t\t\t\t<\/div>\n\t\t\t\t<\/div>\n\t\t\t\t<div class=\"elementor-element elementor-element-5aee83d elementor-position-top elementor-widget elementor-widget-image-box\" data-id=\"5aee83d\" data-element_type=\"widget\" data-widget_type=\"image-box.default\">\n\t\t\t\t<div class=\"elementor-widget-container\">\n\t\t\t\t\t<div class=\"elementor-image-box-wrapper\"><figure class=\"elementor-image-box-img\"><img decoding=\"async\" width=\"700\" height=\"467\" src=\"https:\/\/abexseal.com\/wp-content\/uploads\/2025\/05\/industry-manufacturing.webp\" class=\"attachment-full size-full wp-image-743\" alt=\"\" srcset=\"https:\/\/abexseal.com\/wp-content\/uploads\/2025\/05\/industry-manufacturing.webp 700w, https:\/\/abexseal.com\/wp-content\/uploads\/2025\/05\/industry-manufacturing-300x200.webp 300w\" sizes=\"(max-width: 700px) 100vw, 700px\" \/><\/figure><div class=\"elementor-image-box-content\"><h3 class=\"elementor-image-box-title\">Fabricaci\u00f3n<\/h3><\/div><\/div>\t\t\t\t<\/div>\n\t\t\t\t<\/div>\n\t\t\t\t<div class=\"elementor-element elementor-element-1ddc662 elementor-position-top elementor-widget elementor-widget-image-box\" data-id=\"1ddc662\" data-element_type=\"widget\" data-widget_type=\"image-box.default\">\n\t\t\t\t<div class=\"elementor-widget-container\">\n\t\t\t\t\t<div class=\"elementor-image-box-wrapper\"><figure class=\"elementor-image-box-img\"><img loading=\"lazy\" decoding=\"async\" width=\"650\" height=\"430\" src=\"https:\/\/abexseal.com\/wp-content\/uploads\/2025\/07\/Mechanical-Seal-Repair.jpg\" class=\"attachment-full size-full wp-image-2857\" alt=\"\" srcset=\"https:\/\/abexseal.com\/wp-content\/uploads\/2025\/07\/Mechanical-Seal-Repair.jpg 650w, https:\/\/abexseal.com\/wp-content\/uploads\/2025\/07\/Mechanical-Seal-Repair-300x198.jpg 300w\" sizes=\"(max-width: 650px) 100vw, 650px\" \/><\/figure><div class=\"elementor-image-box-content\"><h3 class=\"elementor-image-box-title\">Reparaci\u00f3n de cierres mec\u00e1nicos<\/h3><\/div><\/div>\t\t\t\t<\/div>\n\t\t\t\t<\/div>\n\t\t\t\t<\/div>\n\t\t\t\t\t<\/div>\n\t\t\t\t<\/div>\n\t\t\t\t<\/div>","protected":false},"excerpt":{"rendered":"<p>ABOUT ABEX A specialist in the design and manufacture of mechanical seals and support systems. Who We Are NingBo ABEX Seal Technology Co.,Ltd,formerly known as GaoHong Seal Factory,is located in NingBo City ZheJiang province.We are a high-end seal manufacturer that integrates designing, production and processing, sales and services.Specializing in serving the high-end market.such as mixed [&hellip;]<\/p>","protected":false},"author":1,"featured_media":0,"parent":0,"menu_order":0,"comment_status":"closed","ping_status":"closed","template":"","meta":{"_acf_changed":false,"footnotes":""},"class_list":["post-10","page","type-page","status-publish","hentry"],"acf":[],"_links":{"self":[{"href":"https:\/\/abexseal.com\/es\/wp-json\/wp\/v2\/pages\/10","targetHints":{"allow":["GET"]}}],"collection":[{"href":"https:\/\/abexseal.com\/es\/wp-json\/wp\/v2\/pages"}],"about":[{"href":"https:\/\/abexseal.com\/es\/wp-json\/wp\/v2\/types\/page"}],"author":[{"embeddable":true,"href":"https:\/\/abexseal.com\/es\/wp-json\/wp\/v2\/users\/1"}],"replies":[{"embeddable":true,"href":"https:\/\/abexseal.com\/es\/wp-json\/wp\/v2\/comments?post=10"}],"version-history":[{"count":119,"href":"https:\/\/abexseal.com\/es\/wp-json\/wp\/v2\/pages\/10\/revisions"}],"predecessor-version":[{"id":4473,"href":"https:\/\/abexseal.com\/es\/wp-json\/wp\/v2\/pages\/10\/revisions\/4473"}],"wp:attachment":[{"href":"https:\/\/abexseal.com\/es\/wp-json\/wp\/v2\/media?parent=10"}],"curies":[{"name":"wp","href":"https:\/\/api.w.org\/{rel}","templated":true}]}}